{"id":15,"date":"2025-05-18T16:31:22","date_gmt":"2025-05-18T16:31:22","guid":{"rendered":"https:\/\/www.iacunprugger.com\/?page_id=15"},"modified":"2026-02-16T09:58:29","modified_gmt":"2026-02-16T09:58:29","slug":"startseite","status":"publish","type":"page","link":"https:\/\/www.iacunprugger.com\/it\/","title":{"rendered":"Startseite"},"content":{"rendered":"<div data-elementor-type=\"wp-page\" data-elementor-id=\"15\" class=\"elementor elementor-15\">\n\t\t\t\t<div class=\"elementor-element elementor-element-ytki85g e-flex e-con-boxed e-con e-parent\" data-id=\"ytki85g\" data-element_type=\"container\" data-e-type=\"container\" data-settings=\"{&quot;background_background&quot;:&quot;classic&quot;}\">\n\t\t\t\t\t<div class=\"e-con-inner\">\n\t\t<div class=\"elementor-element elementor-element-8f73ee5 e-flex e-con-boxed e-con e-child\" data-id=\"8f73ee5\" data-element_type=\"container\" data-e-type=\"container\">\n\t\t\t\t\t<div class=\"e-con-inner\">\n\t\t\t\t<div class=\"elementor-element elementor-element-e46045d elementor-widget elementor-widget-text-editor\" data-id=\"e46045d\" data-element_type=\"widget\" data-e-type=\"widget\" data-widget_type=\"text-editor.default\">\n\t\t\t\t\t\t\t\t\t<p>Die Natur fasziniert auf ihre ganz eigene Weise. Wer ihr mit Neugier und Interesse zugeht, entdeckt immer wieder Neues.<br><span style=\"font-style: inherit; font-weight: inherit;\">Je genauer man hinschaut, desto mehr offenbart sich.<\/span><span style=\"font-style: inherit; font-weight: inherit;\">&nbsp;<\/span><\/p><p><span style=\"font-style: inherit; font-weight: inherit;\"><br><\/span><\/p>\n<p>L\u2019avifauna in un\u2019area riflette le caratteristiche dell\u2019habitat e il suo ruolo  nell\u2019ecosistema.<\/p>\n<p><\/p>\t\t\t\t\t\t\t\t<\/div>\n\t\t\t\t<div class=\"elementor-element elementor-element-592e4c0 elementor-widget-divider--separator-type-pattern elementor-widget-divider--no-spacing elementor-widget-divider--view-line elementor-widget elementor-widget-divider\" data-id=\"592e4c0\" data-element_type=\"widget\" data-e-type=\"widget\" data-widget_type=\"divider.default\">\n\t\t\t\t\t\t\t<div class=\"elementor-divider\" style=\"--divider-pattern-url: url(&quot;data:image\/svg+xml,%3Csvg xmlns=&#039;http:\/\/www.w3.org\/2000\/svg&#039; preserveAspectRatio=&#039;xMidYMid meet&#039; overflow=&#039;visible&#039; height=&#039;100%&#039; viewBox=&#039;0 0 123 26&#039; fill=&#039;black&#039; stroke=&#039;none&#039;%3E%3Cpath d=&#039;M6.4,2l4.2,5.7H7.7v2.7l3.8,5.2l-3.8,0v7.8H4.8v-7.8H0l4.8-5.2V7.7H1.1L6.4,2z M25.6,2L31,7.7h-3.7v2.7l4.8,5.2h-4.8v7.8h-2.8v-7.8l-3.8,0l3.8-5.2V7.7h-2.9L25.6,2z M47.5,2l4.2,5.7h-3.3v2.7l3.8,5.2l-3.8,0l0.4,7.8h-2.8v-7.8H41l4.8-5.2V7.7h-3.7L47.5,2z M66.2,2l5.4,5.7h-3.7v2.7l4.8,5.2h-4.8v7.8H65v-7.8l-3.8,0l3.8-5.2V7.7h-2.9L66.2,2zM87.4,2l4.8,5.7h-2.9v3.1l3.8,4.8l-3.8,0v7.8h-2.8v-7.8h-4.8l4.8-4.8V7.7h-3.7L87.4,2z M107.3,2l5.4,5.7h-3.7v2.7l4.8,5.2h-4.8v7.8H106v-7.8l-3.8,0l3.8-5.2V7.7h-2.9L107.3,2z&#039;\/%3E%3C\/svg%3E&quot;);\">\n\t\t\t<span class=\"elementor-divider-separator\">\n\t\t\t\t\t\t<\/span>\n\t\t<\/div>\n\t\t\t\t\t\t<\/div>\n\t\t\t\t<div class=\"elementor-element elementor-element-85f3ff4 elementor-widget elementor-widget-text-editor\" data-id=\"85f3ff4\" data-element_type=\"widget\" data-e-type=\"widget\" data-widget_type=\"text-editor.default\">\n\t\t\t\t\t\t\t\t\t<p>La natura affascina con il suo modo unico. Chi la osserva con curiosit\u00e0 e interesse scopre sempre qualcosa di nuovo: pi\u00f9 si guarda, pi\u00f9 si vede.<span class=\"Apple-converted-space\">\u00a0<\/span><\/p><p>L\u2019avifauna in un\u2019area riflette le caratteristiche dell\u2019habitat e il suo ruolo<span class=\"Apple-converted-space\">\u00a0 <\/span>nell\u2019ecosistema.<\/p>\t\t\t\t\t\t\t\t<\/div>\n\t\t\t\t\t<\/div>\n\t\t\t\t<\/div>\n\t\t\t\t\t<\/div>\n\t\t\t\t<\/div>\n\t\t\t\t<\/div>","protected":false},"excerpt":{"rendered":"<p>Die Natur fasziniert auf ihre ganz eigene Weise. Wer ihr mit Neugier und Interesse zugeht, entdeckt immer wieder Neues.Je genauer [&hellip;]<\/p>","protected":false},"author":1,"featured_media":0,"parent":0,"menu_order":0,"comment_status":"closed","ping_status":"closed","template":"","meta":{"site-sidebar-layout":"no-sidebar","site-content-layout":"","ast-site-content-layout":"full-width-container","site-content-style":"default","site-sidebar-style":"default","ast-global-header-display":"","ast-banner-title-visibility":"","ast-main-header-display":"","ast-hfb-above-header-display":"","ast-hfb-below-header-display":"","ast-hfb-mobile-header-display":"","site-post-title":"disabled","ast-breadcrumbs-content":"","ast-featured-img":"","footer-sml-layout":"","theme-transparent-header-meta":"","adv-header-id-meta":"","stick-header-meta":"","header-above-stick-meta":"","header-main-stick-meta":"","header-below-stick-meta":"","astra-migrate-meta-layouts":"default","ast-page-background-enabled":"default","ast-page-background-meta":{"desktop":{"background-color":"var(--ast-global-color-5)","background-image":"","background-repeat":"repeat","background-position":"center center","background-size":"auto","background-attachment":"scroll","background-type":"","background-media":"","overlay-type":"","overlay-color":"","overlay-opacity":"","overlay-gradient":""},"tablet":{"background-color":"","background-image":"","background-repeat":"repeat","background-position":"center center","background-size":"auto","background-attachment":"scroll","background-type":"","background-media":"","overlay-type":"","overlay-color":"","overlay-opacity":"","overlay-gradient":""},"mobile":{"background-color":"","background-image":"","background-repeat":"repeat","background-position":"center center","background-size":"auto","background-attachment":"scroll","background-type":"","background-media":"","overlay-type":"","overlay-color":"","overlay-opacity":"","overlay-gradient":""}},"ast-content-background-meta":{"desktop":{"background-color":"var(--ast-global-color-4)","background-image":"","background-repeat":"repeat","background-position":"center center","background-size":"auto","background-attachment":"scroll","background-type":"","background-media":"","overlay-type":"","overlay-color":"","overlay-opacity":"","overlay-gradient":""},"tablet":{"background-color":"var(--ast-global-color-4)","background-image":"","background-repeat":"repeat","background-position":"center center","background-size":"auto","background-attachment":"scroll","background-type":"","background-media":"","overlay-type":"","overlay-color":"","overlay-opacity":"","overlay-gradient":""},"mobile":{"background-color":"var(--ast-global-color-4)","background-image":"","background-repeat":"repeat","background-position":"center center","background-size":"auto","background-attachment":"scroll","background-type":"","background-media":"","overlay-type":"","overlay-color":"","overlay-opacity":"","overlay-gradient":""}},"footnotes":""},"class_list":["post-15","page","type-page","status-publish","hentry"],"_links":{"self":[{"href":"https:\/\/www.iacunprugger.com\/it\/wp-json\/wp\/v2\/pages\/15","targetHints":{"allow":["GET"]}}],"collection":[{"href":"https:\/\/www.iacunprugger.com\/it\/wp-json\/wp\/v2\/pages"}],"about":[{"href":"https:\/\/www.iacunprugger.com\/it\/wp-json\/wp\/v2\/types\/page"}],"author":[{"embeddable":true,"href":"https:\/\/www.iacunprugger.com\/it\/wp-json\/wp\/v2\/users\/1"}],"replies":[{"embeddable":true,"href":"https:\/\/www.iacunprugger.com\/it\/wp-json\/wp\/v2\/comments?post=15"}],"version-history":[{"count":58,"href":"https:\/\/www.iacunprugger.com\/it\/wp-json\/wp\/v2\/pages\/15\/revisions"}],"predecessor-version":[{"id":355,"href":"https:\/\/www.iacunprugger.com\/it\/wp-json\/wp\/v2\/pages\/15\/revisions\/355"}],"wp:attachment":[{"href":"https:\/\/www.iacunprugger.com\/it\/wp-json\/wp\/v2\/media?parent=15"}],"curies":[{"name":"wp","href":"https:\/\/api.w.org\/{rel}","templated":true}]}}